{"id":3579,"date":"2021-07-29T12:01:57","date_gmt":"2021-07-29T10:01:57","guid":{"rendered":"https:\/\/berryma.com\/?page_id=3579"},"modified":"2021-11-15T13:18:04","modified_gmt":"2021-11-15T12:18:04","slug":"aviso-legal","status":"publish","type":"page","link":"https:\/\/berryma.com\/es\/aviso-legal\/","title":{"rendered":"Aviso legal"},"content":{"rendered":"<div class=\"wpb-content-wrapper\">[vc_row pix_particles_check=\u00bb\u00bb css=\u00bb.vc_custom_1627549649764{padding-top: 100px !important;}\u00bb][vc_column]<div class=\"pix-el-text w-100 text-center \" ><p class=\"text-24  text-primary text-center font-weight-bold\" >AVISO LEGAL<\/p><\/div>[vc_separator][\/vc_column][\/vc_row][vc_row pix_particles_check=\u00bb\u00bb][vc_column][vc_column_text]\r\n<div class=\"fusion-text\">\r\n<div class=\"fusion-text\">\r\n<div class=\"fusion-layout-column fusion_builder_column fusion_builder_column_2_3 fusion-two-third fusion-column-last 2_3\">\r\n<div class=\"fusion-column-wrapper\" data-bg-url=\"\">\r\n<div class=\"fusion-text\">\r\n\r\n<em>En virtud del cumplimiento de la <\/em><a href=\"https:\/\/www.boe.es\/buscar\/pdf\/2002\/BOE-A-2002-13758-consolidado.pdf\" rel=\"nofollow noopener\" target=\"_blank\"><em>Ley 34\/2002, de 11 de Julio, de Servicios de la Sociedad de la Informaci\u00f3n y de Comercio Electr\u00f3nico<\/em><\/a><em>, le informamos:<\/em>\r\n<h3><strong>Objetivo<\/strong><\/h3>\r\n<strong><em>Art. 10 LSSI:<\/em><\/strong> <a href=\"https:\/\/www.msigrupo.com\" rel=\"nofollow noopener\" target=\"_blank\">https:\/\/www.msigrupo.com<\/a> es un dominio en internet de titularidad de\u00a0 MONDRAGON SISTEMAS DE INFORMACI\u00d3N S.COOP con Domicilio Social a\u00a0 Avenida Ama Kandida 21, 20140, Andoain (provincia de Guip\u00fazcoa), CIF n\u00ba F20585576. La empresa consta inscrita en el Registro Mercantil de Guip\u00fazcoa.\r\n\r\n<strong>A efectos de este documento el tel\u00e9fono de contacto es <\/strong>943 594 400<strong> y el correo electr\u00f3nico de contacto es <\/strong><a href=\"mailto:comercial@msigrupo.com?subject=Aviso%20Legal%20MSI%20Grupo\"><u>comercial@msigrupo.com<\/u><\/a>.\r\n\r\nEste Aviso Legal regula la utilizaci\u00f3n de dicho dominio.\r\n\r\nLa utilizaci\u00f3n de este sitio web implica la aceptaci\u00f3n por parte del Usuario de las condiciones de uso incluidas en este Aviso como tambi\u00e9n nuestras \u2018Pol\u00edtica de Privacidad\u2019 y \u2018Pol\u00edtica de uso de Cookies\u2019. En el caso de que ciertos servicios contenidos y\/o herramientas ofrecidas a trav\u00e9s de esta p\u00e1gina web requirieran de la aplicaci\u00f3n de condiciones particulares, se pondr\u00e1n a disposici\u00f3n del Usuario.\r\n\r\nPor otra parte, MONDRAGON SISTEMA DE INFORMACI\u00d3N S.COOP advierte que, tanto los contenidos y servicios de esta p\u00e1gina web como las propias condiciones de utilizaci\u00f3n, pueden ser modificados sin notificaci\u00f3n previa.\r\n\r\n&nbsp;\r\n<h3><strong> Condiciones de utilizaci\u00f3n<\/strong><\/h3>\r\nEl Usuario se compromete a que, en los apartados en que sea necesario que se registre para poder acceder a los mismos, facilitar datos veraces, exactos y completos sobre su identidad. Adem\u00e1s, se compromete a mantener actualizados los datos personales que pudieran ser proporcionados a titular del dominio, por lo tanto, \u00fanico responsable de las falsedades o inexactitudes que realice.\r\n\r\nSe informa que en caso de ser menor de edad deber\u00e1 obtener el permiso de sus padres, tutores o representantes legales para poder acceder a los servicios prestados. MONDRAGON SISTEMA DE INFORMACI\u00d3N S.COOP no se responsabiliza en el caso de que los datos sobre este tema sean inexactos o falsos.\r\n\r\nEl p\u00e1gina web s\u00f3lo puede ser utilizado con prop\u00f3sitos legales por tanto el usuario se obliga a hacer un uso l\u00edcito y honrado del p\u00e1gina web y conforme a las presentes condiciones generales de uso, a no utilizar los servicios del p\u00e1gina web para la realizaci\u00f3n de actividades contrarias a las legislaci\u00f3n espa\u00f1ola, a la moral y al orden p\u00fablico, asumiendo por parte del usuario todas las responsabilidades de da\u00f1os y perjuicios frente al titular del dominio o terceros que pudieran derivarse de pr\u00e1cticas ilegales o no permitidas entres otras y a t\u00edtulo enunciativo y no limitativo:\r\n<ul>\r\n \t<li>Realizar sin previo consentimiento por parte del titular del dominio cualquier manipulaci\u00f3n o alteraci\u00f3n de esta p\u00e1gina, no asumiendo el titular del dominio ninguna responsabilidad que pudiera derivarse, de dicha manipulaci\u00f3n o alteraci\u00f3n por terceros.<\/li>\r\n \t<li>Realizar cualquier acto que pueda da\u00f1ar, inutilizar, sobrecargar, o deteriorar la p\u00e1gina web y los servicios y\/o impedir el normal uso y utilizaci\u00f3n por parte de los Usuarios.<\/li>\r\n \t<li>Introducir y\/o Utilizar programas de ordenador, datos, archivos defectuosos, virus, c\u00f3digo malicioso, equipos inform\u00e1ticos o de telecomunicaciones o cualquier otro, independientemente de su naturaleza que pueda causar da\u00f1os en la p\u00e1gina web, en cualquiera de los servicios, o en cualesquiera activos (f\u00edsicos o l\u00f3gicos) de los sistemas de informaci\u00f3n de titular del dominio.<\/li>\r\n \t<li>Violar los derechos de terceros a la intimidad, la propia imagen, la protecci\u00f3n de datos al secreto en las comunicaciones, a la propiedad intelectual e industrial.<\/li>\r\n \t<li>Ocultar y falsear el origen de mensajes de correo electr\u00f3nico.<\/li>\r\n \t<li>Utilizar identidades falsas, suplantar la identidad de otros en la utilizaci\u00f3n de la p\u00e1gina web o en la utilizaci\u00f3n de cualquiera de los servicios.<\/li>\r\n \t<li>Reproducir, distribuir, modificar o copiar el contenido de esta p\u00e1gina, salvo que de disponga de la autorizaci\u00f3n del titular del dominio o est\u00e9 legalmente autorizado.<\/li>\r\n \t<li>Transmitir a terceros no autorizados los nombres de Usuario y las claves de acceso.<\/li>\r\n<\/ul>\r\nMONDRAGON SISTEMA DE INFORMACI\u00d3N S.COOP\u00a0 no responde de los enlaces a otras p\u00e1ginas de Internet de terceros y su existencia no implica que MONDRAGON SISTEMA DE INFORMACI\u00d3N S.COOP apruebe o acepte sus contenidos y servicios. Estas otras p\u00e1ginas web no est\u00e1n controladas por MONDRAGON SISTEMA DE INFORMACI\u00d3N S.COOP ni cubiertas por la presente Pol\u00edtica de Privacidad. Si accede a otras p\u00e1ginas web utilizando los enlaces proporcionados, los operadores de dichos sitios web podr\u00e1n recoger su informaci\u00f3n personal. Aseg\u00farese que est\u00e1 conforme con las Pol\u00edticas de Privacidad de estas terceras p\u00e1ginas web antes de facilitar ning\u00fan tipo de informaci\u00f3n personal.\r\n\r\nCon car\u00e1cter general, el titular del dominio, excluye su responsabilidad por los da\u00f1os y perjuicios de cualquier naturaleza e \u00edndole que pudieran derivarse del uso del sitio web de, as\u00ed como a los da\u00f1os y perjuicios derivados\u00a0 de la infracci\u00f3n de los derechos de propiedad Intelectual e Industrial por parte de los usuarios y\/o la falta de veracidad, exactitud, y actualidad de los contenidos, ni le podr\u00e1n ser exigidas responsabilidades por la interrupci\u00f3n del servicio, inadecuado funcionamiento o imposibilidad de acceso al servicio.\r\n\r\nEl titular del dominio no ser\u00e1 responsable por los da\u00f1os y perjuicios causados por la presencia de virus o cualquier otro software lesivo que pueda producir alteraciones en el sistema inform\u00e1tico del Usuario.\r\n\r\nEl sitio web, incluyendo a t\u00edtulo enunciativo, pero no limitativo, su programaci\u00f3n, dise\u00f1os, logotipos, texto y\/o gr\u00e1ficos son propiedad de MONDRAGON SISTEMA DE INFORMACI\u00d3N S.COOP o en su caso dispone de licencia o autorizaci\u00f3n expresa por parte de los autores.\r\n\r\nIndependientemente de la finalidad para la que fueran destinados, la reproducci\u00f3n total o parcial, uso, explotaci\u00f3n, distribuci\u00f3n y comercializaci\u00f3n, requiere en todo caso de la autorizaci\u00f3n escrita previa por parte del titular del dominio.\r\n\r\nEl usuario se compromete a no realizar ning\u00fan acto en contra de los derechos de propiedad intelectual o industrial del autor.\r\n\r\nMONDRAGON SISTEMA DE INFORMACI\u00d3N S.COOP autoriza expresamente a que terceros puedan redirigir directamente a los contenidos concretos del sitio web, debiendo en todo caso redirigir al sitio web principal de MONDRAGON SISTEMA DE INFORMACI\u00d3N S.COOP.\r\n\r\n&nbsp;\r\n<h3><strong>Uso de cookies<\/strong><\/h3>\r\nPuede consultar nuestra pol\u00edtica de uso de las cookies en el siguiente enlace Pol\u00edtica de uso de Cookies.\r\n<h3><strong> Protecci\u00f3n de datos<\/strong><\/h3>\r\nPuede consultar nuestra pol\u00edtica sobre protecci\u00f3n de datos de car\u00e1cter personal en el siguiente enlace Pol\u00edtica de Privacidad\r\n\r\n&nbsp;\r\n<h3><strong> Legislaci\u00f3n aplicable<\/strong><\/h3>\r\nLas presentes Condiciones se regir\u00e1n en todo momento por lo dispuesto en la legislaci\u00f3n espa\u00f1ola.\r\n\r\n<\/div>\r\n<\/div>\r\n<\/div>\r\n<\/div>\r\n<\/div>\r\n[\/vc_column_text][\/vc_column][\/vc_row]<\/div>","protected":false},"excerpt":{"rendered":"[vc_row pix_particles_check=\u00bb\u00bb css=\u00bb.vc_custom_1627549649764{padding-top: 100px !important;}\u00bb][vc_column][vc_separator][\/vc_column][\/vc_row][vc_row pix_particles_check=\u00bb\u00bb][vc_column][vc_column_text] En virtud del cumplimiento de la Ley 34\/2002, de 11 de Julio, de Servicios de la Sociedad de la Informaci\u00f3n y de Comercio Electr\u00f3nico, le informamos: Objetivo Art. 10 LSSI: https:\/\/www.msigrupo.com es un dominio&#8230;","protected":false},"author":3,"featured_media":0,"parent":0,"menu_order":0,"comment_status":"closed","ping_status":"closed","template":"","meta":{"footnotes":""},"class_list":["post-3579","page","type-page","status-publish","hentry"],"_links":{"self":[{"href":"https:\/\/berryma.com\/es\/wp-json\/wp\/v2\/pages\/3579","targetHints":{"allow":["GET"]}}],"collection":[{"href":"https:\/\/berryma.com\/es\/wp-json\/wp\/v2\/pages"}],"about":[{"href":"https:\/\/berryma.com\/es\/wp-json\/wp\/v2\/types\/page"}],"author":[{"embeddable":true,"href":"https:\/\/berryma.com\/es\/wp-json\/wp\/v2\/users\/3"}],"replies":[{"embeddable":true,"href":"https:\/\/berryma.com\/es\/wp-json\/wp\/v2\/comments?post=3579"}],"version-history":[{"count":4,"href":"https:\/\/berryma.com\/es\/wp-json\/wp\/v2\/pages\/3579\/revisions"}],"predecessor-version":[{"id":3669,"href":"https:\/\/berryma.com\/es\/wp-json\/wp\/v2\/pages\/3579\/revisions\/3669"}],"wp:attachment":[{"href":"https:\/\/berryma.com\/es\/wp-json\/wp\/v2\/media?parent=3579"}],"curies":[{"name":"wp","href":"https:\/\/api.w.org\/{rel}","templated":true}]}}