{"id":3629,"date":"2021-10-21T11:59:55","date_gmt":"2021-10-21T09:59:55","guid":{"rendered":"https:\/\/berryma.com\/?page_id=3629"},"modified":"2023-02-17T09:48:44","modified_gmt":"2023-02-17T08:48:44","slug":"financiacion","status":"publish","type":"page","link":"https:\/\/berryma.com\/es\/financiacion\/","title":{"rendered":"Financiaci\u00f3n"},"content":{"rendered":"<div class=\"wpb-content-wrapper\"><p>[vc_row pix_particles_check=\u00bb\u00bb css=\u00bb.vc_custom_1634809972501{padding-top: 100px !important;}\u00bb][vc_column][vc_column_text]<\/p>\n<h3><strong><span style=\"color: #000080;\">Financiaci\u00f3n<\/span><\/strong><\/h3>\n<p>[\/vc_column_text][vc_separator][vc_column_text]<\/p>\n<h4>\u00bfC\u00f3mo surge Manufacturing Analytics?<\/h4>\n<p><em><br \/>\nDel I+D+i al mercado de la mano del proyecto <strong>CIRMET <\/strong><\/em><\/p>\n<p><strong>MSI<\/strong> cuenta con una alta capacidad para abordar proyectos de I+D+i, centrados siempre en dise\u00f1ar y desarrollar la mejor soluci\u00f3n para los retos del negocio que tenga la industria en cada momento. Uno de los objetivos de <strong>MSI<\/strong> est\u00e1 en ofrecer a las empresas industriales soluciones para responder al reto de la eficiencia energ\u00e9tica, y de aqu\u00ed surge el proyecto <strong>CIRMET<\/strong>.<\/p>\n<p><strong>CIRMET<\/strong> es un proyecto europeo que pretende dise\u00f1ar, desarrollar y validar una soluci\u00f3n innovadora para conseguir flexibilizar la energ\u00eda y los recursos en industrias de elevada intensidad energ\u00e9tica.<\/p>\n<p><strong>MSI<\/strong>, como socio tecnol\u00f3gico del proyecto, est\u00e1 trabajando con <strong>TECNALIA<\/strong> en el desarrollo de la plataforma <strong>AFF40<\/strong> (Analytic For Factory 4.0), para mejorar la competitividad de plantas industriales aumentando la eficiencia energ\u00e9tica y de recursos mediante el control y la optimizaci\u00f3n de las unidades de proceso, aqu\u00ed nace <strong>Manufacturing <\/strong><strong>Analytics<\/strong><strong>.<\/strong>[\/vc_column_text][vc_empty_space][vc_row_inner][vc_column_inner width=\u00bb1\/2&#8243;][vc_single_image image=\u00bb3641&#8243; img_size=\u00bbmedium\u00bb alignment=\u00bbright\u00bb onclick=\u00bbcustom_link\u00bb img_link_target=\u00bb_blank\u00bb link=\u00bbhttps:\/\/www.spire2030.eu\/cirmet\u00bb][\/vc_column_inner][vc_column_inner width=\u00bb1\/2&#8243;][vc_single_image image=\u00bb3642&#8243; img_size=\u00bbmedium\u00bb alignment=\u00bbright\u00bb][\/vc_column_inner][\/vc_row_inner][vc_empty_space][vc_separator][vc_row_inner][vc_column_inner width=\u00bb1\/4&#8243;][vc_single_image image=\u00bb3635&#8243; img_size=\u00bbfull\u00bb alignment=\u00bbcenter\u00bb][\/vc_column_inner][vc_column_inner width=\u00bb3\/4&#8243;]<div class=\"pix-el-text w-100 text-center \" ><p class=\"text-sm  text-body-default text-center \" >The project leading to this application has received funding from the European Union\u2019s Horizon 2020 research and innovation programme under grant agreement No 820670<\/p><\/div>[\/vc_column_inner][\/vc_row_inner][vc_separator][vc_empty_space][\/vc_column][\/vc_row]<\/p>\n<\/div>","protected":false},"excerpt":{"rendered":"[vc_row pix_particles_check=\u00bb\u00bb css=\u00bb.vc_custom_1634809972501{padding-top: 100px !important;}\u00bb][vc_column][vc_column_text] Financiaci\u00f3n [\/vc_column_text][vc_separator][vc_column_text] \u00bfC\u00f3mo surge Manufacturing Analytics? Del I+D+i al mercado de la mano del proyecto CIRMET MSI cuenta con una alta capacidad para abordar proyectos de I+D+i, centrados siempre en dise\u00f1ar y desarrollar la mejor&#8230;","protected":false},"author":3,"featured_media":0,"parent":0,"menu_order":0,"comment_status":"closed","ping_status":"closed","template":"","meta":{"footnotes":""},"class_list":["post-3629","page","type-page","status-publish","hentry"],"_links":{"self":[{"href":"https:\/\/berryma.com\/es\/wp-json\/wp\/v2\/pages\/3629","targetHints":{"allow":["GET"]}}],"collection":[{"href":"https:\/\/berryma.com\/es\/wp-json\/wp\/v2\/pages"}],"about":[{"href":"https:\/\/berryma.com\/es\/wp-json\/wp\/v2\/types\/page"}],"author":[{"embeddable":true,"href":"https:\/\/berryma.com\/es\/wp-json\/wp\/v2\/users\/3"}],"replies":[{"embeddable":true,"href":"https:\/\/berryma.com\/es\/wp-json\/wp\/v2\/comments?post=3629"}],"version-history":[{"count":8,"href":"https:\/\/berryma.com\/es\/wp-json\/wp\/v2\/pages\/3629\/revisions"}],"predecessor-version":[{"id":4384,"href":"https:\/\/berryma.com\/es\/wp-json\/wp\/v2\/pages\/3629\/revisions\/4384"}],"wp:attachment":[{"href":"https:\/\/berryma.com\/es\/wp-json\/wp\/v2\/media?parent=3629"}],"curies":[{"name":"wp","href":"https:\/\/api.w.org\/{rel}","templated":true}]}}