{"id":3662,"date":"2021-11-15T13:14:13","date_gmt":"2021-11-15T12:14:13","guid":{"rendered":"https:\/\/berryma.com\/?page_id=3662"},"modified":"2021-11-15T13:30:55","modified_gmt":"2021-11-15T12:30:55","slug":"politica-de-privacidad","status":"publish","type":"page","link":"https:\/\/berryma.com\/es\/politica-de-privacidad\/","title":{"rendered":"Pol\u00edtica de privacidad"},"content":{"rendered":"<div class=\"wpb-content-wrapper\">[vc_row pix_particles_check=\u00bb\u00bb css=\u00bb.vc_custom_1636978103565{margin-top: 100px !important;}\u00bb][vc_column]<div class=\"pix-el-text w-100 text-center \" ><p class=\"text-24  el-content_custom_color text-center font-weight-bold\" style=\"color:#182457;\">POL\u00cdTICA DE PRIVACIDAD Y PROTECCI\u00d3N DE DATOS<\/p><\/div>[vc_separator][vc_column_text css=\u00bb.vc_custom_1636979453583{margin-top: 100px !important;}\u00bb]\r\n<h3><strong>\u00bfQui\u00e9n es el Responsable de tratamiento de sus datos?<\/strong><strong>\u00a0<\/strong><\/h3>\r\nEl responsable de los tratamientos de datos referentes a los distintos procesos con respecto la gesti\u00f3n de usuarios, clientes y clientes potenciales, colaboradores y proveedores es MONDRAGON SISTEMAS DE INFORMACI\u00d3N S.COOP, con domicilio social en Avenida Ama Kandida 21, 20140, Andoain (provincia de Guip\u00fazcoa) y CIF\u00a0 F20585576 .\r\n\r\n&nbsp;\r\n\r\n<strong>A efectos de nuestra pol\u00edtica de protecci\u00f3n de datos el tel\u00e9fono de contacto es 943 594 400 y el correo electr\u00f3nico de contacto es <\/strong><a href=\"mailto:admon@msigrupo.com?subject=Pol\u00edtica%20de%20Privacidad%20MSI%20Grupo\"><strong><u>comercial@msigrupo.com<\/u><\/strong><\/a><strong>.<\/strong>\r\n\r\n&nbsp;\r\n<h3><strong>\u00bfQu\u00e9 tipo de datos tenemos sobre su persona y c\u00f3mo los hemos obtenido? <\/strong><\/h3>\r\nLas categor\u00edas de datos personales que MONDRAGON SISTEMAS DE INFORMACI\u00d3N S.COOP\u00a0\u00a0 trata sobre sus clientes y proveedores son:\r\n<ul>\r\n \t<li>Datos de identificaci\u00f3n<\/li>\r\n \t<li>Direcciones postales o electr\u00f3nicas<\/li>\r\n \t<li>Informaci\u00f3n comercial<\/li>\r\n \t<li>Datos econ\u00f3micos y de transacciones<\/li>\r\n \t<li>Imagen; Voz<\/li>\r\n<\/ul>\r\n&nbsp;\r\n\r\nTodos los datos arriba mencionados los hemos obtenido o directamente de Usted mediante la presentaci\u00f3n de una oferta comercial, propuesta contractual, etc. o mediante su empresa al facilitarnos los datos de identificaci\u00f3n y dem\u00e1s informaci\u00f3n necesaria para llevar al cabo el objeto de la relaci\u00f3n contractual entre las partes. Ser\u00e1 una obligaci\u00f3n suya o de su empresa facilitarnos los datos actualizados en caso de modificaci\u00f3n.\r\n\r\nCon respecto a los datos de candidatos a empleo hemos obtenido sus datos mediante la presentaci\u00f3n de un CV por su parte o la obtenci\u00f3n de su candidatura mediante los servicios de un portal de empleo. En este \u00faltimo caso Usted ha autorizado dicha cesi\u00f3n de sus datos a nuestra empresa al insertar sus datos curriculares en el portal de empleo.\r\n\r\n&nbsp;\r\n<h3><strong>\u00bfPor cu\u00e1nto tiempo conservaremos sus datos? <\/strong><\/h3>\r\nLos datos personales relativos a personas f\u00edsicas vinculadas a clientes potenciales, clientes y proveedores que MONDRAGON SISTEMAS DE INFORMACI\u00d3N S.COOP\u00a0\u00a0 recopile mediante los distintos formularios de contacto y\/o recogida de informaci\u00f3n se conservar\u00e1n mientras no se solicite su supresi\u00f3n por el interesado. Los datos proporcionados por nuestros clientes y proveedores se conservar\u00e1n mientras se mantenga la relaci\u00f3n mercantil entre las partes respetando en cualquier caso los plazos m\u00ednimos legales de conservaci\u00f3n seg\u00fan la materia.\r\n\r\nEn cualquier caso <strong>MONDRAGON SISTEMAS DE INFORMACI\u00d3N S.COOP <\/strong>guardar\u00e1 sus datos personales durante el per\u00edodo de tiempo que sea razonablemente necesario teniendo en cuenta nuestras necesidades de dar respuesta a cuestiones que se planteen o resolver problemas, realizar mejoras, activar nuevos servicios y cumplir los requisitos que exija la legislaci\u00f3n aplicable. Esto significa que podemos conservar tus datos personales durante un per\u00edodo de tiempo razonable incluso despu\u00e9s de que hayas dejado de usar nuestros productos o de que hayas dejado de usar esta p\u00e1gina web. Despu\u00e9s de este per\u00edodo, tus datos personales ser\u00e1n eliminados de todos los sistemas de <strong>MONDRAGON SISTEMAS DE INFORMACI\u00d3N S.COOP.<\/strong>\r\n\r\n&nbsp;\r\n<h3><strong>\u00bfCon qu\u00e9 finalidad y sobre qu\u00e9 base de legitimaci\u00f3n tratamos sus datos?<\/strong><\/h3>\r\nEn <strong>MONDRAGON SISTEMAS DE INFORMACI\u00d3N S.COOP <\/strong>tratamos los datos que nos facilitan las personas interesadas con el fin de gestionar distintas actividades derivadas de procedimientos espec\u00edficos realizados en materia de ventas, servicio post venta, gesti\u00f3n de proveedores, gesti\u00f3n de candidatos, calidad de servicios, etc. De esta manera, utilizaremos sus datos para llevar al cabo algunas de las siguientes acciones bas\u00e1ndonos en la respectiva base de legitimaci\u00f3n:\r\n\r\n&nbsp;\r\n<table>\r\n<tbody>\r\n<tr>\r\n<td width=\"272\"><strong>FINALIDAD DE TRATAMIENTO<\/strong><\/td>\r\n<td width=\"272\"><strong>BASE DE LEGITIMACI\u00d3N<\/strong><\/td>\r\n<\/tr>\r\n<tr>\r\n<td width=\"272\"><strong>Comunicaciones comerciales<\/strong><\/td>\r\n<td width=\"272\">Consentimiento del afectado<\/td>\r\n<\/tr>\r\n<tr>\r\n<td width=\"272\"><strong>Gesti\u00f3n fiscal, contable y administrativa con colaboradores profesionales, comisionistas, etc.<\/strong><\/td>\r\n<td width=\"272\">Ejecuci\u00f3n (pre)contrato; Obligaci\u00f3n regulatoria<\/td>\r\n<\/tr>\r\n<tr>\r\n<td width=\"272\"><strong>Gesti\u00f3n fiscal, contable y administrativa con proveedores<\/strong><\/td>\r\n<td width=\"272\">Ejecuci\u00f3n (pre)contrato; Obligaci\u00f3n regulatoria<\/td>\r\n<\/tr>\r\n<tr>\r\n<td width=\"272\"><strong>Gesti\u00f3n de procesos de calidad\/seguimiento y auditorias de proveedores<\/strong><\/td>\r\n<td width=\"272\">Consentimiento del afectado<\/td>\r\n<\/tr>\r\n<tr>\r\n<td width=\"272\"><strong>Gesti\u00f3n de datos de proveedores para realizar pagos-transferencias y domiciliaciones\/contable\/fiscal y facturaci\u00f3n<\/strong><\/td>\r\n<td width=\"272\">Ejecuci\u00f3n (pre)contrato; Obligaci\u00f3n regulatoria<\/td>\r\n<\/tr>\r\n<tr>\r\n<td width=\"272\"><strong>Gesti\u00f3n de datos de colaboradores para operaciones de reporte, liquidaci\u00f3n y pagos<\/strong><\/td>\r\n<td width=\"272\">Ejecuci\u00f3n (pre) Contrato<\/td>\r\n<\/tr>\r\n<tr>\r\n<td width=\"272\"><strong>Tratamiento de datos de proveedores\/colaboradores-prescriptores para dar respuesta a los requerimientos de deuda por terceros (embargos de cr\u00e9ditos comerciales)<\/strong><\/td>\r\n<td width=\"272\">Obligaci\u00f3n regulatoria<\/td>\r\n<\/tr>\r\n<tr>\r\n<td width=\"272\"><strong>Operaciones en el asesoramiento jur\u00eddico legal, fiscal, laboral y administrativo<\/strong><\/td>\r\n<td width=\"272\">Consentimiento del afectado; Ejecuci\u00f3n (pre)contrato; Obligaci\u00f3n regulatoria<\/td>\r\n<\/tr>\r\n<tr>\r\n<td width=\"272\"><strong>Gesti\u00f3n contable, fiscal, administrativa y facturaci\u00f3n de clientes<\/strong><\/td>\r\n<td width=\"272\">Ejecuci\u00f3n (pre)contrato; Obligaci\u00f3n regulatoria<\/td>\r\n<\/tr>\r\n<tr>\r\n<td width=\"272\"><strong>Operaciones en aplazamientos de pagos, quitas y refinanciaciones a clientes.<\/strong><\/td>\r\n<td width=\"272\">Consentimiento del afectado; Ejecuci\u00f3n (pre)contrato<\/td>\r\n<\/tr>\r\n<tr>\r\n<td width=\"272\"><strong>Gesti\u00f3n de contrataci\u00f3n por parte de clientes personas jur\u00eddicas de forma f\u00edsica, electr\u00f3nica o telef\u00f3nica.<\/strong><\/td>\r\n<td width=\"272\">Ejecuci\u00f3n (pre)contrato<\/td>\r\n<\/tr>\r\n<tr>\r\n<td width=\"272\"><strong>Gesti\u00f3n de datos de clientes para realizar pagos-transferencias y domiciliaciones\/contable\/fiscal y facturaci\u00f3n<\/strong><\/td>\r\n<td width=\"272\">Ejecuci\u00f3n (pre)contrato; Obligaci\u00f3n regulatoria<\/td>\r\n<\/tr>\r\n<tr>\r\n<td width=\"272\"><strong>Servicio de atenci\u00f3n de quejas\/reclamaciones de clientes<\/strong><\/td>\r\n<td width=\"272\">Consentimiento del afectado<\/td>\r\n<\/tr>\r\n<tr>\r\n<td width=\"272\"><strong>Operaciones de reclamaci\u00f3n de cantidades a deudas a clientes morosos de forma extrajudicial<\/strong><\/td>\r\n<td width=\"272\">Inter\u00e9s legitimo del responsable<\/td>\r\n<\/tr>\r\n<tr>\r\n<td width=\"272\"><strong>Procesos de b\u00fasqueda, evaluaci\u00f3n y selecci\u00f3n de candidatos<\/strong><\/td>\r\n<td width=\"272\">Consentimiento del afectado<\/td>\r\n<\/tr>\r\n<\/tbody>\r\n<\/table>\r\n&nbsp;\r\n\r\nEn cuanto, a la base de legitimaci\u00f3n referenciada Usted se encuentra obligado a facilitar los datos personales, en el supuesto de que no facilite sus datos de car\u00e1cter personal no se podr\u00e1 ejecutar su contrato, cumplir las obligaciones legales o derivadas de los poderes p\u00fablicos.\r\n\r\n&nbsp;\r\n<h3><strong>\u00bfA que destinatarios se comunicar\u00e1n sus datos?<\/strong><\/h3>\r\nMONDRAGON SISTEMAS DE INFORMACI\u00d3N S.COOP\u00a0 nunca compartir\u00e1 tus datos personales con ninguna empresa tercera que pretenda utilizarlos en sus acciones de marketing directo, excepto en el caso de que nos hayas autorizado expresamente a ello.\r\n\r\nLe informamos que podemos facilitar tus datos personales a organismos de la Administraci\u00f3n P\u00fablica y Autoridades competentes en aquellos casos que MONDRAGON SISTEMAS DE INFORMACI\u00d3N S.COOP reciba un requerimiento legal por parte de dichas Autoridades o en los casos que actuando de buena fe, consideramos que tal acci\u00f3n es razonablemente necesaria para cumplir con un proceso judicial; para contestar cualquier reclamaci\u00f3n o demanda jur\u00eddica; o para proteger los derechos de MONDRAGON SISTEMAS DE INFORMACI\u00d3N S.COOP o sus clientes y el p\u00fablico en general.\r\n\r\nMONDRAGON SISTEMAS DE INFORMACI\u00d3N S.COOP puede proporcionar tus datos personales a terceros (Ej. proveedores de servicios de Internet que nos ayudan a administrar nuestra p\u00e1gina web o llevar a cabo los servicios contratados, empresas de soporte y mantenimiento inform\u00e1tico, empresas de log\u00edstica, gestor\u00edas y asesoramiento fiscal y contable, soporte para comunicaciones comerciales, etc.) siempre bajo tu autorizaci\u00f3n expresa que podr\u00e1s revocar cuando as\u00ed lo desees. En cualquier caso, estos agentes deben mantener en todo momento los mismos niveles de seguridad que MONDRAGON SISTEMAS DE INFORMACI\u00d3N S.COOP. Cuando sea necesario, tus datos personales estar\u00e1n vinculadas por compromisos legales a fin de guardarlos de forma privada y segura siguiendo instrucciones espec\u00edficas de MONDRAGON SISTEMAS DE INFORMACI\u00d3N S.COOP.\r\n\r\n&nbsp;\r\n<h3><strong>\u00bfCu\u00e1les son sus derechos como afectados o interesado? <\/strong><\/h3>\r\nCualquier persona tiene derecho a obtener confirmaci\u00f3n sobre si MONDRAGON SISTEMAS DE INFORMACI\u00d3N S.COOP\u00a0\u00a0\u00a0 est\u00e1 tratando datos personales que le conciernan, o no.\r\n\r\nEn concreto, las personas interesadas pueden solicitar el <strong>derecho de acceso<\/strong> a sus datos personales, as\u00ed como recibirlos en un formato com\u00fan y lectura mecanizada si el tratamiento se efect\u00faa por medios electr\u00f3nicos (<strong>derecho de portabilidad<\/strong>).\r\n\r\nAsimismo, las personas interesadas pueden solicitar el <strong>derecho de rectificaci\u00f3n<\/strong> de los datos inexactos o, en su caso, solicitar su <strong>supresi\u00f3n<\/strong> cuando, entre otros motivos, los datos ya no sea necesarios para los fines que fueron recogidos.\r\n\r\nComplementariamente, en determinadas circunstancias, los interesados podr\u00e1n solicitar la <strong>limitaci\u00f3n del tratamiento de sus datos<\/strong>, o en determinadas circunstancias y por motivos relacionados con su situaci\u00f3n particular, los interesados podr\u00e1n ejercitar su <strong>derecho a oponerse<\/strong> al tratamiento de sus datos. MONDRAGON SISTEMAS DE INFORMACI\u00d3N S.COOP dejar\u00e1 de tratar los datos, salvo por motivos leg\u00edtimos imperiosos, o el ejercicio o la defensa de posibles reclamaciones o en aquellas excepciones establecidas en la normativa aplicable.\r\n\r\nAsimismo, le informamos que tiene derecho a retirar sus consentimientos otorgados en cualquier momento, sin que ello afecte a la licitud del tratamiento basado en el consentimiento previo a su retirada.\r\n\r\nAs\u00ed mismo se informa al Usuario que en cualquier momento puede ejercitar los mencionados derechos dirigi\u00e9ndose por escrito a nosotros utilizando los datos de contacto que aparecen en el <u>Apartado 1, \u2018Responsable de tratamiento\u2019 <\/u>de la presente Pol\u00edtica de Privacidad de MONDRAGON SISTEMAS DE INFORMACI\u00d3N S.COOP, adjuntando copia de su DNI.\u00a0 Al igual modo, puede enviarnos un correo electr\u00f3nico a la direcci\u00f3n <a href=\"mailto:comercial@msigrupo.com?subject=Supresi\u00f3n%20datos%20personales%20de%20MSI%20Grupo\">comercial@msigrupo.com<\/a> .\r\n\r\nUsted tambi\u00e9n tendr\u00e1 el derecho a presentar una reclamaci\u00f3n ante la <a href=\"https:\/\/www.aepd.es\/es\">Agencia Espa\u00f1ola de Protecci\u00f3n de datos<\/a>, especialmente cuando no haya obtenido satisfacci\u00f3n en el ejercicio de sus derechos.\r\n\r\n<strong>Agencia Espa\u00f1ola de Protecci\u00f3n de Datos.<\/strong>\r\n\r\n<strong>C\/ Jorge Juan, 6<\/strong>\r\n\r\n<strong>28001 \u2013 Madrid<\/strong>\r\n\r\n<strong>Telf. 901100099 \/ 912663517<\/strong>\r\n\r\n<strong>\u00a0<\/strong>\r\n\r\n<strong>\u00a0<\/strong>\r\n<h3><strong>Protecci\u00f3n de datos de los usuarios de la p\u00e1gina web.<\/strong><\/h3>\r\nDe conformidad con el vigente <a href=\"https:\/\/www.boe.es\/doue\/2016\/119\/L00001-00088.pdf\">Reglamento (UE) 2016\/679<\/a>, MONDRAGON SISTEMAS DE INFORMACI\u00d3N S.COOP\u00a0\u00a0\u00a0 informa que los datos de car\u00e1cter personal de los Usuarios del sitio web se tratar\u00e1n para la actividad del tratamiento indicado en cada formulario de recogida de datos de nuestra p\u00e1gina web por parte de MONDRAGON SISTEMAS DE INFORMACI\u00d3N S.COOP. Dicho tratamiento de sus datos estar\u00e1 amparado en su propio consentimiento.\r\n\r\nAsimismo, le informamos que salvo obligaci\u00f3n legal o consentimiento expreso por su parte\u00a0 MONDRAGON SISTEMAS DE INFORMACI\u00d3N S.COOP no va a ceder sus datos a terceras personas.\r\n\r\nIgualmente, se informa al Usuario que en cualquier momento puede ejercitar los derechos de acceso, rectificaci\u00f3n o supresi\u00f3n de datos, as\u00ed como disponer de otros derechos reconocidos en el presente documento y regulados en el <a href=\"https:\/\/www.boe.es\/doue\/2016\/119\/L00001-00088.pdf\">Reglamento (UE) 2016\/679<\/a>, notific\u00e1ndolo a MONDRAGON SISTEMAS DE INFORMACI\u00d3N S.COOP, Avenida Ama Kandida 21, 20140, Andoain (provincia de Guip\u00fazcoa), e-mail: <a href=\"mailto:comercial@msigrupo.com?subject=Supresi\u00f3n%20datos%20personales%20de%20MSI%20Grupo\">comercial@msigrupo.com<\/a>.\r\n\r\nPor otro lado, de acuerdo con lo dispuesto en la Ley 34\/2002, de 11 de Julio, de Servicios de la Sociedad de Informaci\u00f3n y de Comercio Electr\u00f3nico, MONDRAGON SISTEMAS DE INFORMACI\u00d3N S.COOP se compromete a no enviar publicidad a trav\u00e9s del correo electr\u00f3nico sin haber recabado antes la expresa autorizaci\u00f3n del destinatario.\r\n\r\n&nbsp;\r\n<h3><strong>Otra informaci\u00f3n de inter\u00e9s sobre nuestra pol\u00edtica de privacidad<\/strong><\/h3>\r\n&nbsp;\r\n<h5><strong>Medidas de Seguridad<\/strong><\/h5>\r\nMONDRAGON SISTEMAS DE INFORMACI\u00d3N S.COOP adopta los niveles de seguridad requeridos por la normativa Europea y Espa\u00f1ola vigente en protecci\u00f3n de datos teniendo en cuenta el estado de la t\u00e9cnica, los costes de aplicaci\u00f3n y la naturaleza, el alcance, el contexto y los fines del tratamiento descritos, as\u00ed como los riesgos de probabilidad y gravedad variables para sus derechos y libertades como persona.\r\n<h5><strong>Tratamiento de datos de menores<\/strong><\/h5>\r\nAl amparo del RGPD UE 679\/2016 y de la LOPDGDD 3\/2018, los menores de m\u00e1s de 14 a\u00f1os pueden dar su consentimiento a la contrataci\u00f3n de servicios de la sociedad de la informaci\u00f3n, como puede ser la inscripci\u00f3n en un foro, la cumplimentaci\u00f3n de un formulario de contacto, etc. No obstante, ser\u00e1 responsabilidad de MONDRAGON SISTEMAS DE INFORMACI\u00d3N S.COOP\u00a0 comprobar la veracidad de la edad indicada por parte del menor.\r\n\r\nPara el tratamiento de datos de menores de 14 a\u00f1os dicha recogida de datos se realizar\u00e1 siempre bajo el expreso consentimiento de los padres o tutores legales.\r\n<h5><strong>Modificaciones de nuestra Pol\u00edtica de Protecci\u00f3n de Datos y de Privacidad<\/strong><\/h5>\r\nOcasionalmente, MONDRAGON SISTEMAS DE INFORMACI\u00d3N S.COOP\u00a0 podr\u00e1 realizar modificaciones y correcciones en este apartado de Pol\u00edtica de Privacidad. Por favor, verifique este apartado regularmente para consultar los cambios que puedan haber existido y de qu\u00e9 manera le pueden afectar.\r\n<h5><strong>\u00bfPor qu\u00e9 es necesario aceptar est\u00e1 Pol\u00edtica de Protecci\u00f3n de Datos y de Privacidad?<\/strong><\/h5>\r\nEste apartado de Pol\u00edtica de Privacidad le proporciona de un modo f\u00e1cilmente accesible toda la informaci\u00f3n necesaria para que puedas conocer la tipolog\u00eda de datos que MONDRAGON SISTEMAS DE INFORMACI\u00d3N S.COOP mantiene sobre sus clientes potenciales, clientes y\/o proveedores, las finalidades perseguidas, los derechos que la normativa de protecci\u00f3n de datos reconoce a Ud. como persona afectada y el modo de c\u00f3mo ejercer dichos derechos. Por lo tanto, con el env\u00edo deliberado de sus datos personales mediante nuestros medios de contacto y\/o con el inicio de la relaci\u00f3n mercantil con nuestra empresa consideramos que reconoce y acepta el tratamiento de tus datos personales tal y como se describe en la presente pol\u00edtica. Esta informaci\u00f3n personal solamente se usar\u00e1 para los fines para los cuales nos la has facilitado o determinadas normativas nacionales o regionales nos habilitan hacerlo.\r\n\r\nEn cualquier caso, debemos advertirle que una negativa por su parte para facilitarnos determinados datos solicitados podr\u00eda obstaculizar el desarrollo de la relaci\u00f3n contractual entre las partes con posibles consecuencias serias al momento de prestar las diversas prestaciones contempladas dentro del contrato mercantil celebrado con la parte contratante.\r\n\r\nSi tienes cualquier pregunta en relaci\u00f3n a este apartado de Pol\u00edtica de Privacidad de MONDRAGON SISTEMAS DE INFORMACI\u00d3N S.COOP, por favor, p\u00f3ngase en contacto con la empresa usando la direcci\u00f3n facilitada en la\u00a0Apartado 1 \u2018Responsable de Tratamiento\u2019\u00a0y estaremos encantados de atenderte y dar respuesta a las cuestiones adicionales que nos quieras plantear.\r\n\r\n&nbsp;\r\n<h3><strong>Legislaci\u00f3n aplicable<\/strong><\/h3>\r\nLas presentes Condiciones se regir\u00e1n en todo momento por lo dispuesto en la legislaci\u00f3n espa\u00f1ola y europea en materia de protecci\u00f3n de datos de car\u00e1cter personal y de privacidad.[\/vc_column_text][\/vc_column][vc_column][\/vc_column][\/vc_row]<\/div>","protected":false},"excerpt":{"rendered":"[vc_row pix_particles_check=\u00bb\u00bb css=\u00bb.vc_custom_1636978103565{margin-top: 100px !important;}\u00bb][vc_column][vc_separator][vc_column_text css=\u00bb.vc_custom_1636979453583{margin-top: 100px !important;}\u00bb] \u00bfQui\u00e9n es el Responsable de tratamiento de sus datos?\u00a0 El responsable de los tratamientos de datos referentes a los distintos procesos con respecto la gesti\u00f3n de usuarios, clientes y clientes potenciales, colaboradores&#8230;","protected":false},"author":3,"featured_media":0,"parent":0,"menu_order":0,"comment_status":"closed","ping_status":"closed","template":"","meta":{"footnotes":""},"class_list":["post-3662","page","type-page","status-publish","hentry"],"yoast_head":"<!-- This site is optimized with the Yoast SEO plugin v27.4 - https:\/\/yoast.com\/product\/yoast-seo-wordpress\/ -->\n<title>Pol\u00edtica de privacidad - BerryMA - Manufacturing Analytics<\/title>\n<meta name=\"robots\" content=\"index, follow, max-snippet:-1, max-image-preview:large, max-video-preview:-1\" \/>\n<link rel=\"canonical\" href=\"https:\/\/berryma.com\/es\/politica-de-privacidad\/\" \/>\n<meta property=\"og:locale\" content=\"es_ES\" \/>\n<meta property=\"og:type\" content=\"article\" \/>\n<meta property=\"og:title\" content=\"Pol\u00edtica de privacidad - BerryMA - Manufacturing Analytics\" \/>\n<meta property=\"og:description\" content=\"[vc_row pix_particles_check=\u00bb\u00bb css=\u00bb.vc_custom_1636978103565{margin-top: 100px !important;}\u00bb][vc_column][vc_separator][vc_column_text css=\u00bb.vc_custom_1636979453583{margin-top: 100px !important;}\u00bb] \u00bfQui\u00e9n es el Responsable de tratamiento de sus datos?\u00a0 El responsable de los tratamientos de datos referentes a los distintos procesos con respecto la gesti\u00f3n de usuarios, clientes y clientes potenciales, colaboradores...\" \/>\n<meta property=\"og:url\" content=\"https:\/\/berryma.com\/es\/politica-de-privacidad\/\" \/>\n<meta property=\"og:site_name\" content=\"BerryMA - Manufacturing Analytics\" \/>\n<meta property=\"article:modified_time\" content=\"2021-11-15T12:30:55+00:00\" \/>\n<meta name=\"twitter:card\" content=\"summary_large_image\" \/>\n<meta name=\"twitter:label1\" content=\"Tiempo de lectura\" \/>\n\t<meta name=\"twitter:data1\" content=\"10 minutos\" \/>\n<script type=\"application\/ld+json\" class=\"yoast-schema-graph\">{\"@context\":\"https:\\\/\\\/schema.org\",\"@graph\":[{\"@type\":\"WebPage\",\"@id\":\"https:\\\/\\\/berryma.com\\\/es\\\/politica-de-privacidad\\\/\",\"url\":\"https:\\\/\\\/berryma.com\\\/es\\\/politica-de-privacidad\\\/\",\"name\":\"Pol\u00edtica de privacidad - BerryMA - Manufacturing Analytics\",\"isPartOf\":{\"@id\":\"https:\\\/\\\/berryma.com\\\/es\\\/#website\"},\"datePublished\":\"2021-11-15T12:14:13+00:00\",\"dateModified\":\"2021-11-15T12:30:55+00:00\",\"breadcrumb\":{\"@id\":\"https:\\\/\\\/berryma.com\\\/es\\\/politica-de-privacidad\\\/#breadcrumb\"},\"inLanguage\":\"es\",\"potentialAction\":[{\"@type\":\"ReadAction\",\"target\":[\"https:\\\/\\\/berryma.com\\\/es\\\/politica-de-privacidad\\\/\"]}]},{\"@type\":\"BreadcrumbList\",\"@id\":\"https:\\\/\\\/berryma.com\\\/es\\\/politica-de-privacidad\\\/#breadcrumb\",\"itemListElement\":[{\"@type\":\"ListItem\",\"position\":1,\"name\":\"Portada\",\"item\":\"https:\\\/\\\/berryma.com\\\/es\\\/\"},{\"@type\":\"ListItem\",\"position\":2,\"name\":\"Pol\u00edtica de privacidad\"}]},{\"@type\":\"WebSite\",\"@id\":\"https:\\\/\\\/berryma.com\\\/es\\\/#website\",\"url\":\"https:\\\/\\\/berryma.com\\\/es\\\/\",\"name\":\"Manufacturing Analytics\",\"description\":\"BerryMA -  Manufacturing Analytics project\",\"potentialAction\":[{\"@type\":\"SearchAction\",\"target\":{\"@type\":\"EntryPoint\",\"urlTemplate\":\"https:\\\/\\\/berryma.com\\\/es\\\/?s={search_term_string}\"},\"query-input\":{\"@type\":\"PropertyValueSpecification\",\"valueRequired\":true,\"valueName\":\"search_term_string\"}}],\"inLanguage\":\"es\"}]}<\/script>\n<!-- \/ Yoast SEO plugin. -->","yoast_head_json":{"title":"Pol\u00edtica de privacidad - BerryMA - Manufacturing Analytics","robots":{"index":"index","follow":"follow","max-snippet":"max-snippet:-1","max-image-preview":"max-image-preview:large","max-video-preview":"max-video-preview:-1"},"canonical":"https:\/\/berryma.com\/es\/politica-de-privacidad\/","og_locale":"es_ES","og_type":"article","og_title":"Pol\u00edtica de privacidad - BerryMA - Manufacturing Analytics","og_description":"[vc_row pix_particles_check=\u00bb\u00bb css=\u00bb.vc_custom_1636978103565{margin-top: 100px !important;}\u00bb][vc_column][vc_separator][vc_column_text css=\u00bb.vc_custom_1636979453583{margin-top: 100px !important;}\u00bb] \u00bfQui\u00e9n es el Responsable de tratamiento de sus datos?\u00a0 El responsable de los tratamientos de datos referentes a los distintos procesos con respecto la gesti\u00f3n de usuarios, clientes y clientes potenciales, colaboradores...","og_url":"https:\/\/berryma.com\/es\/politica-de-privacidad\/","og_site_name":"BerryMA - Manufacturing Analytics","article_modified_time":"2021-11-15T12:30:55+00:00","twitter_card":"summary_large_image","twitter_misc":{"Tiempo de lectura":"10 minutos"},"schema":{"@context":"https:\/\/schema.org","@graph":[{"@type":"WebPage","@id":"https:\/\/berryma.com\/es\/politica-de-privacidad\/","url":"https:\/\/berryma.com\/es\/politica-de-privacidad\/","name":"Pol\u00edtica de privacidad - BerryMA - Manufacturing Analytics","isPartOf":{"@id":"https:\/\/berryma.com\/es\/#website"},"datePublished":"2021-11-15T12:14:13+00:00","dateModified":"2021-11-15T12:30:55+00:00","breadcrumb":{"@id":"https:\/\/berryma.com\/es\/politica-de-privacidad\/#breadcrumb"},"inLanguage":"es","potentialAction":[{"@type":"ReadAction","target":["https:\/\/berryma.com\/es\/politica-de-privacidad\/"]}]},{"@type":"BreadcrumbList","@id":"https:\/\/berryma.com\/es\/politica-de-privacidad\/#breadcrumb","itemListElement":[{"@type":"ListItem","position":1,"name":"Portada","item":"https:\/\/berryma.com\/es\/"},{"@type":"ListItem","position":2,"name":"Pol\u00edtica de privacidad"}]},{"@type":"WebSite","@id":"https:\/\/berryma.com\/es\/#website","url":"https:\/\/berryma.com\/es\/","name":"Manufacturing Analytics","description":"BerryMA -  Manufacturing Analytics project","potentialAction":[{"@type":"SearchAction","target":{"@type":"EntryPoint","urlTemplate":"https:\/\/berryma.com\/es\/?s={search_term_string}"},"query-input":{"@type":"PropertyValueSpecification","valueRequired":true,"valueName":"search_term_string"}}],"inLanguage":"es"}]}},"_links":{"self":[{"href":"https:\/\/berryma.com\/es\/wp-json\/wp\/v2\/pages\/3662","targetHints":{"allow":["GET"]}}],"collection":[{"href":"https:\/\/berryma.com\/es\/wp-json\/wp\/v2\/pages"}],"about":[{"href":"https:\/\/berryma.com\/es\/wp-json\/wp\/v2\/types\/page"}],"author":[{"embeddable":true,"href":"https:\/\/berryma.com\/es\/wp-json\/wp\/v2\/users\/3"}],"replies":[{"embeddable":true,"href":"https:\/\/berryma.com\/es\/wp-json\/wp\/v2\/comments?post=3662"}],"version-history":[{"count":7,"href":"https:\/\/berryma.com\/es\/wp-json\/wp\/v2\/pages\/3662\/revisions"}],"predecessor-version":[{"id":3679,"href":"https:\/\/berryma.com\/es\/wp-json\/wp\/v2\/pages\/3662\/revisions\/3679"}],"wp:attachment":[{"href":"https:\/\/berryma.com\/es\/wp-json\/wp\/v2\/media?parent=3662"}],"curies":[{"name":"wp","href":"https:\/\/api.w.org\/{rel}","templated":true}]}}